{"id":13,"date":"2021-03-03T15:00:04","date_gmt":"2021-03-03T14:00:04","guid":{"rendered":"http:\/\/metabolic-consulting.de\/?page_id=13"},"modified":"2021-03-03T15:22:53","modified_gmt":"2021-03-03T14:22:53","slug":"publications","status":"publish","type":"page","link":"https:\/\/metabolic-consulting.de\/index.php\/publications\/","title":{"rendered":"Publications"},"content":{"rendered":"<p><div class=\"fusion-fullwidth fullwidth-box fusion-builder-row-1 fusion-flex-container nonhundred-percent-fullwidth non-hundred-percent-height-scrolling\" style=\"--awb-border-radius-top-left:0px;--awb-border-radius-top-right:0px;--awb-border-radius-bottom-right:0px;--awb-border-radius-bottom-left:0px;--awb-padding-top:100px;--awb-padding-bottom:100px;--awb-background-color:#f8f8f8;--awb-flex-wrap:wrap;\" ><div class=\"fusion-builder-row fusion-row fusion-flex-align-items-flex-start fusion-flex-content-wrap\" style=\"max-width:1216.8px;margin-left: calc(-4% \/ 2 );margin-right: calc(-4% \/ 2 );\"><div class=\"fusion-layout-column fusion_builder_column fusion-builder-column-0 fusion_builder_column_1_1 1_1 fusion-flex-column\" style=\"--awb-bg-size:cover;--awb-width-large:100%;--awb-margin-top-large:0px;--awb-spacing-right-large:1.92%;--awb-margin-bottom-large:0px;--awb-spacing-left-large:1.92%;--awb-width-medium:100%;--awb-spacing-right-medium:1.92%;--awb-spacing-left-medium:1.92%;--awb-width-small:100%;--awb-spacing-right-small:1.92%;--awb-spacing-left-small:1.92%;\"><div class=\"fusion-column-wrapper fusion-flex-justify-content-flex-start fusion-content-layout-column\"><div class=\"fusion-text fusion-text-1\"><h2>Latest Publications<\/h2>\n<\/div><div class=\"fusion-separator\" style=\"align-self: flex-start;margin-right:auto;margin-bottom:30px;width:100%;max-width:100px;\"><div class=\"fusion-separator-border sep-single sep-solid\" style=\"--awb-height:20px;--awb-amount:20px;--awb-sep-color:#25afb4;border-color:#25afb4;border-top-width:2px;\"><\/div><\/div><\/div><\/div><\/div><\/div><div class=\"fusion-fullwidth fullwidth-box fusion-builder-row-2 fusion-flex-container nonhundred-percent-fullwidth non-hundred-percent-height-scrolling\" style=\"--awb-border-radius-top-left:0px;--awb-border-radius-top-right:0px;--awb-border-radius-bottom-right:0px;--awb-border-radius-bottom-left:0px;--awb-padding-top:0px;--awb-padding-bottom:30px;--awb-margin-top:0px;--awb-flex-wrap:wrap;\" ><div class=\"fusion-builder-row fusion-row fusion-flex-align-items-flex-start fusion-flex-content-wrap\" style=\"max-width:1216.8px;margin-left: calc(-4% \/ 2 );margin-right: calc(-4% \/ 2 );\"><div class=\"fusion-layout-column fusion_builder_column fusion-builder-column-1 fusion_builder_column_1_1 1_1 fusion-flex-column\" style=\"--awb-bg-size:cover;--awb-width-large:100%;--awb-margin-top-large:0px;--awb-spacing-right-large:1.92%;--awb-margin-bottom-large:0px;--awb-spacing-left-large:1.92%;--awb-width-medium:100%;--awb-spacing-right-medium:1.92%;--awb-spacing-left-medium:1.92%;--awb-width-small:100%;--awb-spacing-right-small:1.92%;--awb-spacing-left-small:1.92%;\"><div class=\"fusion-column-wrapper fusion-flex-justify-content-flex-start fusion-content-layout-column\"><div class=\"fusion-text fusion-text-2\"><p>1: Evers RAF, van Wegberg AMJ, Ahring K, Beblo S, B\u00e9langer-Quintana A, Bosch AM,<br \/>\nBurlina A, Campistol J, Coskun T, Feillet F, Gi\u017cewska M, Huijbregts SCJ, Kearney<br \/>\nS, Langeveld M, Leuzzi V, Maillot F, Muntau AC, Rocha JC, Romani C, Trefz FK,<br \/>\nMacDonald A, van Spronsen FJ. Defining tetrahydrobiopterin responsiveness in<br \/>\nphenylketonuria: Survey results from 38 countries. Mol Genet Metab. 2021 Feb<br \/>\n4:S1096-7192(21)00033-0. doi: 10.1016\/j.ymgme.2021.01.013. Epub ahead of print.<br \/>\nPMID: 33610470.<\/p>\n<p>2: van Wegberg AMJ, MacDonald A, Abeln D, Hagedorn TS, Lange E, Trefz F, van<br \/>\nVliet D, van Spronsen FJ. Patient&#8217;s thoughts and expectations about centres of<br \/>\nexpertise for PKU. Orphanet J Rare Dis. 2021 Jan 6;16(1):2. doi:<br \/>\n10.1186\/s13023-020-01647-7. PMID: 33407655; PMCID: PMC7789756.<\/p>\n<p>3: Pilotto A, Zipser CM, Leks E, Haas D, Gramer G, Freisinger P, Schaeffer E,<br \/>\nLiepelt-Scarfone I, Brockmann K, Maetzler W, Schulte C, Deuschle C, Hauser AK,<br \/>\nHoffmann GF, Scheffler K, van Spronsen FJ, Padovani A, Trefz F, Berg D.<br \/>\nPhenylalanine Effects on Brain Function in Adult Phenylketonuria. Neurology.<br \/>\n2021 Jan 19;96(3):e399-e411. doi: 10.1212\/WNL.0000000000011088. Epub 2020 Oct<br \/>\n22. PMID: 33093221.<\/p>\n<p>4: MacDonald A, van Wegberg AMJ, Ahring K, Beblo S, B\u00e9langer-Quintana A, Burlina<br \/>\nA, Campistol J, Co\u015fkun T, Feillet F, Gi\u017cewska M, Huijbregts SC, Leuzzi V,<br \/>\nMaillot F, Muntau AC, Rocha JC, Romani C, Trefz F, van Spronsen FJ. Correction<br \/>\nto: PKU dietary handbook to accompany PKU guidelines. Orphanet J Rare Dis. 2020<br \/>\nSep 1;15(1):230. doi: 10.1186\/s13023-020-01486-6. Erratum for: Orphanet J Rare<br \/>\nDis. 2020 Jun 30;15(1):171. PMID: 32873338; PMCID: PMC7465324.<\/p>\n<p>5: Hillert A, Anikster Y, Belanger-Quintana A, Burlina A, Burton BK, Carducci C,<br \/>\nChiesa AE, Christodoulou J, \u0110or\u0111evi\u0107 M, Desviat LR, Eliyahu A, Evers RAF,<br \/>\nFajkusova L, Feillet F, Bonfim-Freitas PE, Gi\u017cewska M, Gundorova P, Karall D,<br \/>\nKneller K, Kutsev SI, Leuzzi V, Levy HL, Lichter-Konecki U, Muntau AC, Namour F,<br \/>\nOltarzewski M, Paras A, Perez B, Polak E, Polyakov AV, Porta F, Rohrbach M,<br \/>\nScholl-B\u00fcrgi S, Sp\u00e9cola N, Stojiljkovi\u0107 M, Shen N, Santana-da Silva LC, Skouma<br \/>\nA, van Spronsen F, Stoppioni V, Th\u00f6ny B, Trefz FK, Vockley J, Yu Y, Zschocke J,<br \/>\nHoffmann GF, Garbade SF, Blau N. The Genetic Landscape and Epidemiology of<br \/>\nPhenylketonuria. Am J Hum Genet. 2020 Aug 6;107(2):234-250. doi:<br \/>\n10.1016\/j.ajhg.2020.06.006. Epub 2020 Jul 14. PMID: 32668217; PMCID: PMC7413859.<\/p>\n<p>6: MacDonald A, van Wegberg AMJ, Ahring K, Beblo S, B\u00e9langer-Quintana A, Burlina<br \/>\nA, Campistol J, Co\u015fkun T, Feillet F, Gi\u017cewska M, Huijbregts SC, Leuzzi V,<br \/>\nMaillot F, Muntau AC, Rocha JC, Romani C, Trefz F, van Spronsen FJ. PKU dietary<br \/>\nhandbook to accompany PKU guidelines. Orphanet J Rare Dis. 2020 Jun<br \/>\n30;15(1):171. doi: 10.1186\/s13023-020-01391-y. Erratum in: Orphanet J Rare Dis.<br \/>\n2020 Sep 1;15(1):230. PMID: 32605583; PMCID: PMC7329487.<\/p>\n<p>7: Cannet C, Pilotto A, Rocha JC, Sch\u00e4fer H, Spraul M, Berg D, Nawroth P,<br \/>\nKasperk C, Gramer G, Haas D, Piel D, K\u00f6lker S, Hoffmann G, Freisinger P, Trefz<br \/>\nF. Lower plasma cholesterol, LDL-cholesterol and LDL-lipoprotein subclasses in<br \/>\nadult phenylketonuria (PKU) patients compared to healthy controls: results of<br \/>\nNMR metabolomics investigation. Orphanet J Rare Dis. 2020 Feb 27;15(1):61. doi:<br \/>\n10.1186\/s13023-020-1329-5. PMID: 32106880; PMCID: PMC7047385.<\/p>\n<\/div><\/div><\/div><\/div><\/div><\/p>\n","protected":false},"excerpt":{"rendered":"","protected":false},"author":1,"featured_media":0,"parent":0,"menu_order":0,"comment_status":"closed","ping_status":"closed","template":"100-width.php","meta":{"footnotes":""},"class_list":["post-13","page","type-page","status-publish","hentry"],"_links":{"self":[{"href":"https:\/\/metabolic-consulting.de\/index.php\/wp-json\/wp\/v2\/pages\/13","targetHints":{"allow":["GET"]}}],"collection":[{"href":"https:\/\/metabolic-consulting.de\/index.php\/wp-json\/wp\/v2\/pages"}],"about":[{"href":"https:\/\/metabolic-consulting.de\/index.php\/wp-json\/wp\/v2\/types\/page"}],"author":[{"embeddable":true,"href":"https:\/\/metabolic-consulting.de\/index.php\/wp-json\/wp\/v2\/users\/1"}],"replies":[{"embeddable":true,"href":"https:\/\/metabolic-consulting.de\/index.php\/wp-json\/wp\/v2\/comments?post=13"}],"version-history":[{"count":13,"href":"https:\/\/metabolic-consulting.de\/index.php\/wp-json\/wp\/v2\/pages\/13\/revisions"}],"predecessor-version":[{"id":896,"href":"https:\/\/metabolic-consulting.de\/index.php\/wp-json\/wp\/v2\/pages\/13\/revisions\/896"}],"wp:attachment":[{"href":"https:\/\/metabolic-consulting.de\/index.php\/wp-json\/wp\/v2\/media?parent=13"}],"curies":[{"name":"wp","href":"https:\/\/api.w.org\/{rel}","templated":true}]}}